{"id":14,"date":"2019-06-28T19:01:23","date_gmt":"2019-06-28T22:01:23","guid":{"rendered":"http:\/\/shamballapousada.com.br\/?page_id=14"},"modified":"2019-07-19T15:23:02","modified_gmt":"2019-07-19T18:23:02","slug":"pousada-shamballa","status":"publish","type":"page","link":"https:\/\/shamballapousada.com.br\/","title":{"rendered":"Pousada Shamballa"},"content":{"rendered":"\n<p>Situada no povoado de S\u00e3o Jorge, na Chapada dos Veadeiros, a Pousada Shamballa disp\u00f5e de quartos com ar-condicionado, TV, frigobar  e varanda com uma bela vista para os vales e montanhas da regi\u00e3o.<\/p>\n\n\n\n<ul class=\"wp-block-gallery columns-4 is-cropped\"><li class=\"blocks-gallery-item\"><figure><a href=\"http:\/\/shamballapousada.com.br\/wp-content\/uploads\/2019\/06\/POUSADA_SHAMBALLA_16-1024x768.jpg\"><img loading=\"lazy\" width=\"1024\" height=\"768\" src=\"http:\/\/shamballapousada.com.br\/wp-content\/uploads\/2019\/06\/POUSADA_SHAMBALLA_16-1024x768.jpg\" alt=\"POUSADA SHAMBALLA - Chapada Dos Veadeiros\" data-id=\"40\" data-link=\"http:\/\/shamballapousada.com.br\/?attachment_id=40\" class=\"wp-image-40\" srcset=\"https:\/\/shamballapousada.com.br\/wp-content\/uploads\/2019\/06\/POUSADA_SHAMBALLA_16-1024x768.jpg 1024w, https:\/\/shamballapousada.com.br\/wp-content\/uploads\/2019\/06\/POUSADA_SHAMBALLA_16-300x225.jpg 300w, https:\/\/shamballapousada.com.br\/wp-content\/uploads\/2019\/06\/POUSADA_SHAMBALLA_16-768x576.jpg 768w, https:\/\/shamballapousada.com.br\/wp-content\/uploads\/2019\/06\/POUSADA_SHAMBALLA_16-850x638.jpg 850w, https:\/\/shamballapousada.com.br\/wp-content\/uploads\/2019\/06\/POUSADA_SHAMBALLA_16.jpg 1920w\" sizes=\"(max-width: 706px) 89vw, (max-width: 767px) 82vw, 740px\" \/><\/a><\/figure><\/li><li class=\"blocks-gallery-item\"><figure><a href=\"http:\/\/shamballapousada.com.br\/wp-content\/uploads\/2019\/06\/POUSADA_SHAMBALLA_5-1024x768.jpg\"><img loading=\"lazy\" width=\"1024\" height=\"768\" src=\"http:\/\/shamballapousada.com.br\/wp-content\/uploads\/2019\/06\/POUSADA_SHAMBALLA_5-1024x768.jpg\" alt=\"POUSADA SHAMBALLA - Chapada Dos Veadeiros\" data-id=\"29\" data-link=\"http:\/\/shamballapousada.com.br\/?attachment_id=29\" class=\"wp-image-29\" srcset=\"https:\/\/shamballapousada.com.br\/wp-content\/uploads\/2019\/06\/POUSADA_SHAMBALLA_5-1024x768.jpg 1024w, https:\/\/shamballapousada.com.br\/wp-content\/uploads\/2019\/06\/POUSADA_SHAMBALLA_5-300x225.jpg 300w, https:\/\/shamballapousada.com.br\/wp-content\/uploads\/2019\/06\/POUSADA_SHAMBALLA_5-768x576.jpg 768w, https:\/\/shamballapousada.com.br\/wp-content\/uploads\/2019\/06\/POUSADA_SHAMBALLA_5-850x638.jpg 850w, https:\/\/shamballapousada.com.br\/wp-content\/uploads\/2019\/06\/POUSADA_SHAMBALLA_5.jpg 1920w\" sizes=\"(max-width: 706px) 89vw, (max-width: 767px) 82vw, 740px\" \/><\/a><\/figure><\/li><li class=\"blocks-gallery-item\"><figure><a href=\"http:\/\/shamballapousada.com.br\/wp-content\/uploads\/2019\/06\/POUSADA_SHAMBALLA_4-1024x768.jpg\"><img loading=\"lazy\" width=\"1024\" height=\"768\" src=\"http:\/\/shamballapousada.com.br\/wp-content\/uploads\/2019\/06\/POUSADA_SHAMBALLA_4-1024x768.jpg\" alt=\"POUSADA SHAMBALLA - Chapada Dos Veadeiros\" data-id=\"28\" data-link=\"http:\/\/shamballapousada.com.br\/?attachment_id=28\" class=\"wp-image-28\" srcset=\"https:\/\/shamballapousada.com.br\/wp-content\/uploads\/2019\/06\/POUSADA_SHAMBALLA_4-1024x768.jpg 1024w, https:\/\/shamballapousada.com.br\/wp-content\/uploads\/2019\/06\/POUSADA_SHAMBALLA_4-300x225.jpg 300w, https:\/\/shamballapousada.com.br\/wp-content\/uploads\/2019\/06\/POUSADA_SHAMBALLA_4-768x576.jpg 768w, https:\/\/shamballapousada.com.br\/wp-content\/uploads\/2019\/06\/POUSADA_SHAMBALLA_4-850x638.jpg 850w, https:\/\/shamballapousada.com.br\/wp-content\/uploads\/2019\/06\/POUSADA_SHAMBALLA_4.jpg 1920w\" sizes=\"(max-width: 706px) 89vw, (max-width: 767px) 82vw, 740px\" \/><\/a><\/figure><\/li><li class=\"blocks-gallery-item\"><figure><a href=\"http:\/\/shamballapousada.com.br\/wp-content\/uploads\/2019\/07\/IMG_2386-1024x682.jpg\"><img loading=\"lazy\" width=\"1024\" height=\"682\" src=\"http:\/\/shamballapousada.com.br\/wp-content\/uploads\/2019\/07\/IMG_2386-1024x682.jpg\" alt=\"POUSADA SHAMBALLA - Chapada Dos Veadeiros\" data-id=\"234\" data-link=\"http:\/\/shamballapousada.com.br\/?attachment_id=234\" class=\"wp-image-234\" srcset=\"https:\/\/shamballapousada.com.br\/wp-content\/uploads\/2019\/07\/IMG_2386-1024x682.jpg 1024w, https:\/\/shamballapousada.com.br\/wp-content\/uploads\/2019\/07\/IMG_2386-300x200.jpg 300w, https:\/\/shamballapousada.com.br\/wp-content\/uploads\/2019\/07\/IMG_2386-768x512.jpg 768w, https:\/\/shamballapousada.com.br\/wp-content\/uploads\/2019\/07\/IMG_2386.jpg 1920w\" sizes=\"(max-width: 706px) 89vw, (max-width: 767px) 82vw, 740px\" \/><\/a><\/figure><\/li><li class=\"blocks-gallery-item\"><figure><a href=\"http:\/\/shamballapousada.com.br\/wp-content\/uploads\/2019\/06\/POUSADA_SHAMBALLA_14-1024x768.jpg\"><img loading=\"lazy\" width=\"1024\" height=\"768\" src=\"http:\/\/shamballapousada.com.br\/wp-content\/uploads\/2019\/06\/POUSADA_SHAMBALLA_14-1024x768.jpg\" alt=\"POUSADA SHAMBALLA - Chapada Dos Veadeiros\" data-id=\"38\" data-link=\"http:\/\/shamballapousada.com.br\/?attachment_id=38\" class=\"wp-image-38\" srcset=\"https:\/\/shamballapousada.com.br\/wp-content\/uploads\/2019\/06\/POUSADA_SHAMBALLA_14-1024x768.jpg 1024w, https:\/\/shamballapousada.com.br\/wp-content\/uploads\/2019\/06\/POUSADA_SHAMBALLA_14-300x225.jpg 300w, https:\/\/shamballapousada.com.br\/wp-content\/uploads\/2019\/06\/POUSADA_SHAMBALLA_14-768x576.jpg 768w, https:\/\/shamballapousada.com.br\/wp-content\/uploads\/2019\/06\/POUSADA_SHAMBALLA_14-850x638.jpg 850w, https:\/\/shamballapousada.com.br\/wp-content\/uploads\/2019\/06\/POUSADA_SHAMBALLA_14.jpg 1920w\" sizes=\"(max-width: 706px) 89vw, (max-width: 767px) 82vw, 740px\" \/><\/a><\/figure><\/li><li class=\"blocks-gallery-item\"><figure><a href=\"http:\/\/shamballapousada.com.br\/wp-content\/uploads\/2019\/06\/POUSADA_SHAMBALLA_1-1024x682.jpg\"><img loading=\"lazy\" width=\"1024\" height=\"682\" src=\"http:\/\/shamballapousada.com.br\/wp-content\/uploads\/2019\/06\/POUSADA_SHAMBALLA_1-1024x682.jpg\" alt=\"VISTA DAS VARANDAS DOS APARTAMENTOS DA POUSADA SHAMBALLA - Chapada Dos Veadeiros\" data-id=\"25\" data-link=\"http:\/\/shamballapousada.com.br\/?attachment_id=25\" class=\"wp-image-25\" srcset=\"https:\/\/shamballapousada.com.br\/wp-content\/uploads\/2019\/06\/POUSADA_SHAMBALLA_1-1024x682.jpg 1024w, https:\/\/shamballapousada.com.br\/wp-content\/uploads\/2019\/06\/POUSADA_SHAMBALLA_1-300x200.jpg 300w, https:\/\/shamballapousada.com.br\/wp-content\/uploads\/2019\/06\/POUSADA_SHAMBALLA_1-768x512.jpg 768w, https:\/\/shamballapousada.com.br\/wp-content\/uploads\/2019\/06\/POUSADA_SHAMBALLA_1-850x566.jpg 850w, https:\/\/shamballapousada.com.br\/wp-content\/uploads\/2019\/06\/POUSADA_SHAMBALLA_1.jpg 1920w\" sizes=\"(max-width: 706px) 89vw, (max-width: 767px) 82vw, 740px\" \/><\/a><\/figure><\/li><\/ul>\n\n\n\n<p>A pousada est\u00e1 localizada a cerca de 1 Km de dist\u00e2ncia da portaria do Parque Nacional  da Chapada dos Veadeiros e nas proximidades de v\u00e1rios outros atrativos como o Vale da Lua, Raizama, Morada do Sol, Vale das Pedras, Rio da Lua, entre outros.<\/p>\n","protected":false},"excerpt":{"rendered":"<p>Situada no povoado de S\u00e3o Jorge, na Chapada dos Veadeiros, a Pousada Shamballa disp\u00f5e de quartos com ar-condicionado, TV, frigobar e varanda com uma bela vista para os vales e montanhas da regi\u00e3o. A pousada est\u00e1 localizada a cerca de 1 Km de dist\u00e2ncia da portaria do Parque Nacional da Chapada dos Veadeiros e nas &hellip; <\/p>\n<p class=\"link-more\"><a href=\"https:\/\/shamballapousada.com.br\/\" class=\"more-link\">Continue lendo<span class=\"screen-reader-text\"> &#8220;Pousada Shamballa&#8221;<\/span><\/a><\/p>\n","protected":false},"author":1,"featured_media":0,"parent":0,"menu_order":0,"comment_status":"closed","ping_status":"closed","template":"","meta":[],"_links":{"self":[{"href":"https:\/\/shamballapousada.com.br\/index.php?rest_route=\/wp\/v2\/pages\/14"}],"collection":[{"href":"https:\/\/shamballapousada.com.br\/index.php?rest_route=\/wp\/v2\/pages"}],"about":[{"href":"https:\/\/shamballapousada.com.br\/index.php?rest_route=\/wp\/v2\/types\/page"}],"author":[{"embeddable":true,"href":"https:\/\/shamballapousada.com.br\/index.php?rest_route=\/wp\/v2\/users\/1"}],"replies":[{"embeddable":true,"href":"https:\/\/shamballapousada.com.br\/index.php?rest_route=%2Fwp%2Fv2%2Fcomments&post=14"}],"version-history":[{"count":16,"href":"https:\/\/shamballapousada.com.br\/index.php?rest_route=\/wp\/v2\/pages\/14\/revisions"}],"predecessor-version":[{"id":235,"href":"https:\/\/shamballapousada.com.br\/index.php?rest_route=\/wp\/v2\/pages\/14\/revisions\/235"}],"wp:attachment":[{"href":"https:\/\/shamballapousada.com.br\/index.php?rest_route=%2Fwp%2Fv2%2Fmedia&parent=14"}],"curies":[{"name":"wp","href":"https:\/\/api.w.org\/{rel}","templated":true}]}}