{"id":16,"date":"2019-06-28T19:03:38","date_gmt":"2019-06-28T22:03:38","guid":{"rendered":"http:\/\/shamballapousada.com.br\/?page_id=16"},"modified":"2019-07-19T13:50:27","modified_gmt":"2019-07-19T16:50:27","slug":"acomodacoes","status":"publish","type":"page","link":"https:\/\/shamballapousada.com.br\/?page_id=16","title":{"rendered":"Acomoda\u00e7\u00f5es"},"content":{"rendered":"\n<p>A pousada oferece confort\u00e1veis su\u00edtes com varandas que descortinam uma bela vista panor\u00e2mica dos vales e serras que circundam a Chapada. <\/p>\n\n\n\n<ul class=\"wp-block-gallery columns-3 is-cropped\"><li class=\"blocks-gallery-item\"><figure><a href=\"http:\/\/shamballapousada.com.br\/wp-content\/uploads\/2019\/06\/POUSADA_SHAMBALLA_18-1024x768.jpg\"><img loading=\"lazy\" width=\"1024\" height=\"768\" src=\"http:\/\/shamballapousada.com.br\/wp-content\/uploads\/2019\/06\/POUSADA_SHAMBALLA_18-1024x768.jpg\" alt=\"Apartamento Master - Pousada Shamballa - Chapada dos Veadeiros\" data-id=\"42\" data-link=\"http:\/\/shamballapousada.com.br\/?attachment_id=42\" class=\"wp-image-42\" srcset=\"https:\/\/shamballapousada.com.br\/wp-content\/uploads\/2019\/06\/POUSADA_SHAMBALLA_18-1024x768.jpg 1024w, https:\/\/shamballapousada.com.br\/wp-content\/uploads\/2019\/06\/POUSADA_SHAMBALLA_18-300x225.jpg 300w, https:\/\/shamballapousada.com.br\/wp-content\/uploads\/2019\/06\/POUSADA_SHAMBALLA_18-768x576.jpg 768w, https:\/\/shamballapousada.com.br\/wp-content\/uploads\/2019\/06\/POUSADA_SHAMBALLA_18-850x638.jpg 850w, https:\/\/shamballapousada.com.br\/wp-content\/uploads\/2019\/06\/POUSADA_SHAMBALLA_18.jpg 1920w\" sizes=\"(max-width: 706px) 89vw, (max-width: 767px) 82vw, 740px\" \/><\/a><\/figure><\/li><li class=\"blocks-gallery-item\"><figure><a href=\"http:\/\/shamballapousada.com.br\/wp-content\/uploads\/2019\/06\/POUSADA_SHAMBALLA_19-1024x768.jpg\"><img loading=\"lazy\" width=\"1024\" height=\"768\" src=\"http:\/\/shamballapousada.com.br\/wp-content\/uploads\/2019\/06\/POUSADA_SHAMBALLA_19-1024x768.jpg\" alt=\"Apartamento Master - Pousada Shamballa - Chapada dos Veadeiros\" data-id=\"43\" data-link=\"http:\/\/shamballapousada.com.br\/?attachment_id=43\" class=\"wp-image-43\" srcset=\"https:\/\/shamballapousada.com.br\/wp-content\/uploads\/2019\/06\/POUSADA_SHAMBALLA_19-1024x768.jpg 1024w, https:\/\/shamballapousada.com.br\/wp-content\/uploads\/2019\/06\/POUSADA_SHAMBALLA_19-300x225.jpg 300w, https:\/\/shamballapousada.com.br\/wp-content\/uploads\/2019\/06\/POUSADA_SHAMBALLA_19-768x576.jpg 768w, https:\/\/shamballapousada.com.br\/wp-content\/uploads\/2019\/06\/POUSADA_SHAMBALLA_19-850x638.jpg 850w, https:\/\/shamballapousada.com.br\/wp-content\/uploads\/2019\/06\/POUSADA_SHAMBALLA_19.jpg 1920w\" sizes=\"(max-width: 706px) 89vw, (max-width: 767px) 82vw, 740px\" \/><\/a><\/figure><\/li><li class=\"blocks-gallery-item\"><figure><a href=\"http:\/\/shamballapousada.com.br\/wp-content\/uploads\/2019\/06\/POUSADA_SHAMBALLA_20-1024x768.jpg\"><img loading=\"lazy\" width=\"1024\" height=\"768\" src=\"http:\/\/shamballapousada.com.br\/wp-content\/uploads\/2019\/06\/POUSADA_SHAMBALLA_20-1024x768.jpg\" alt=\"Apartamento Master - Pousada Shamballa - Chapada dos Veadeiros\" data-id=\"44\" data-link=\"http:\/\/shamballapousada.com.br\/?attachment_id=44\" class=\"wp-image-44\" srcset=\"https:\/\/shamballapousada.com.br\/wp-content\/uploads\/2019\/06\/POUSADA_SHAMBALLA_20-1024x768.jpg 1024w, https:\/\/shamballapousada.com.br\/wp-content\/uploads\/2019\/06\/POUSADA_SHAMBALLA_20-300x225.jpg 300w, https:\/\/shamballapousada.com.br\/wp-content\/uploads\/2019\/06\/POUSADA_SHAMBALLA_20-768x576.jpg 768w, https:\/\/shamballapousada.com.br\/wp-content\/uploads\/2019\/06\/POUSADA_SHAMBALLA_20-850x638.jpg 850w, https:\/\/shamballapousada.com.br\/wp-content\/uploads\/2019\/06\/POUSADA_SHAMBALLA_20.jpg 1920w\" sizes=\"(max-width: 706px) 89vw, (max-width: 767px) 82vw, 740px\" \/><\/a><\/figure><\/li><li class=\"blocks-gallery-item\"><figure><a href=\"http:\/\/shamballapousada.com.br\/wp-content\/uploads\/2019\/06\/POUSADA_SHAMBALLA_17-1024x768.jpg\"><img loading=\"lazy\" width=\"1024\" height=\"768\" src=\"http:\/\/shamballapousada.com.br\/wp-content\/uploads\/2019\/06\/POUSADA_SHAMBALLA_17-1024x768.jpg\" alt=\"Apartamento Master - Pousada Shamballa - Chapada dos Veadeiros\" data-id=\"41\" data-link=\"http:\/\/shamballapousada.com.br\/?attachment_id=41\" class=\"wp-image-41\" srcset=\"https:\/\/shamballapousada.com.br\/wp-content\/uploads\/2019\/06\/POUSADA_SHAMBALLA_17-1024x768.jpg 1024w, https:\/\/shamballapousada.com.br\/wp-content\/uploads\/2019\/06\/POUSADA_SHAMBALLA_17-300x225.jpg 300w, https:\/\/shamballapousada.com.br\/wp-content\/uploads\/2019\/06\/POUSADA_SHAMBALLA_17-768x576.jpg 768w, https:\/\/shamballapousada.com.br\/wp-content\/uploads\/2019\/06\/POUSADA_SHAMBALLA_17-850x638.jpg 850w, https:\/\/shamballapousada.com.br\/wp-content\/uploads\/2019\/06\/POUSADA_SHAMBALLA_17.jpg 1920w\" sizes=\"(max-width: 706px) 89vw, (max-width: 767px) 82vw, 740px\" \/><\/a><\/figure><\/li><li class=\"blocks-gallery-item\"><figure><a href=\"http:\/\/shamballapousada.com.br\/wp-content\/uploads\/2019\/06\/POUSADA_SHAMBALLA_21-1024x768.jpg\"><img loading=\"lazy\" width=\"1024\" height=\"768\" src=\"http:\/\/shamballapousada.com.br\/wp-content\/uploads\/2019\/06\/POUSADA_SHAMBALLA_21-1024x768.jpg\" alt=\"Banheiro Apartamento Master - Pousada Shamballa - Chapada dos Veadeiros\" data-id=\"45\" data-link=\"http:\/\/shamballapousada.com.br\/?attachment_id=45\" class=\"wp-image-45\" srcset=\"https:\/\/shamballapousada.com.br\/wp-content\/uploads\/2019\/06\/POUSADA_SHAMBALLA_21-1024x768.jpg 1024w, https:\/\/shamballapousada.com.br\/wp-content\/uploads\/2019\/06\/POUSADA_SHAMBALLA_21-300x225.jpg 300w, https:\/\/shamballapousada.com.br\/wp-content\/uploads\/2019\/06\/POUSADA_SHAMBALLA_21-768x576.jpg 768w, https:\/\/shamballapousada.com.br\/wp-content\/uploads\/2019\/06\/POUSADA_SHAMBALLA_21-850x638.jpg 850w, https:\/\/shamballapousada.com.br\/wp-content\/uploads\/2019\/06\/POUSADA_SHAMBALLA_21.jpg 1920w\" sizes=\"(max-width: 706px) 89vw, (max-width: 767px) 82vw, 740px\" \/><\/a><\/figure><\/li><li class=\"blocks-gallery-item\"><figure><a href=\"http:\/\/shamballapousada.com.br\/wp-content\/uploads\/2019\/06\/POUSADA_SHAMBALLA_22-768x1024.jpg\"><img loading=\"lazy\" width=\"768\" height=\"1024\" src=\"http:\/\/shamballapousada.com.br\/wp-content\/uploads\/2019\/06\/POUSADA_SHAMBALLA_22-768x1024.jpg\" alt=\"Banheiro Apartamento Master - Pousada Shamballa - Chapada dos Veadeiros\" data-id=\"46\" data-link=\"http:\/\/shamballapousada.com.br\/?attachment_id=46\" class=\"wp-image-46\" srcset=\"https:\/\/shamballapousada.com.br\/wp-content\/uploads\/2019\/06\/POUSADA_SHAMBALLA_22-768x1024.jpg 768w, https:\/\/shamballapousada.com.br\/wp-content\/uploads\/2019\/06\/POUSADA_SHAMBALLA_22-225x300.jpg 225w, https:\/\/shamballapousada.com.br\/wp-content\/uploads\/2019\/06\/POUSADA_SHAMBALLA_22-300x400.jpg 300w, https:\/\/shamballapousada.com.br\/wp-content\/uploads\/2019\/06\/POUSADA_SHAMBALLA_22-850x1133.jpg 850w, https:\/\/shamballapousada.com.br\/wp-content\/uploads\/2019\/06\/POUSADA_SHAMBALLA_22.jpg 1440w\" sizes=\"(max-width: 706px) 89vw, (max-width: 767px) 82vw, 740px\" \/><\/a><\/figure><\/li><li class=\"blocks-gallery-item\"><figure><a href=\"http:\/\/shamballapousada.com.br\/wp-content\/uploads\/2019\/07\/IMG_2364-1024x682.jpg\"><img loading=\"lazy\" width=\"1024\" height=\"682\" src=\"http:\/\/shamballapousada.com.br\/wp-content\/uploads\/2019\/07\/IMG_2364-1024x682.jpg\" alt=\"Vista da Varanda do Apartamento Master - Pousada Shamballa - Chapada dos Veadeiros\" data-id=\"210\" data-link=\"http:\/\/shamballapousada.com.br\/?attachment_id=210\" class=\"wp-image-210\" srcset=\"https:\/\/shamballapousada.com.br\/wp-content\/uploads\/2019\/07\/IMG_2364-1024x682.jpg 1024w, https:\/\/shamballapousada.com.br\/wp-content\/uploads\/2019\/07\/IMG_2364-300x200.jpg 300w, https:\/\/shamballapousada.com.br\/wp-content\/uploads\/2019\/07\/IMG_2364-768x512.jpg 768w, https:\/\/shamballapousada.com.br\/wp-content\/uploads\/2019\/07\/IMG_2364.jpg 1920w\" sizes=\"(max-width: 706px) 89vw, (max-width: 767px) 82vw, 740px\" \/><\/a><\/figure><\/li><\/ul>\n\n\n\n<p>Os apartamentos, standard ou master, contam com ar condicionado,  frigobar, TV, varanda e banheiro privativo.  <\/p>\n\n\n\n<ul class=\"wp-block-gallery columns-3 is-cropped\"><li class=\"blocks-gallery-item\"><figure><a href=\"http:\/\/shamballapousada.com.br\/wp-content\/uploads\/2019\/06\/POUSADA_SHAMBALLA_26-1024x768.jpg\"><img loading=\"lazy\" width=\"1024\" height=\"768\" src=\"http:\/\/shamballapousada.com.br\/wp-content\/uploads\/2019\/06\/POUSADA_SHAMBALLA_26-1024x768.jpg\" alt=\"Apartamento Standard - Pousada Shamballa - Chapada dos Veadeiros\" data-id=\"50\" data-link=\"http:\/\/shamballapousada.com.br\/?attachment_id=50\" class=\"wp-image-50\" srcset=\"https:\/\/shamballapousada.com.br\/wp-content\/uploads\/2019\/06\/POUSADA_SHAMBALLA_26-1024x768.jpg 1024w, https:\/\/shamballapousada.com.br\/wp-content\/uploads\/2019\/06\/POUSADA_SHAMBALLA_26-300x225.jpg 300w, https:\/\/shamballapousada.com.br\/wp-content\/uploads\/2019\/06\/POUSADA_SHAMBALLA_26-768x576.jpg 768w, https:\/\/shamballapousada.com.br\/wp-content\/uploads\/2019\/06\/POUSADA_SHAMBALLA_26-850x638.jpg 850w, https:\/\/shamballapousada.com.br\/wp-content\/uploads\/2019\/06\/POUSADA_SHAMBALLA_26.jpg 1920w\" sizes=\"(max-width: 706px) 89vw, (max-width: 767px) 82vw, 740px\" \/><\/a><\/figure><\/li><li class=\"blocks-gallery-item\"><figure><a href=\"http:\/\/shamballapousada.com.br\/wp-content\/uploads\/2019\/06\/POUSADA_SHAMBALLA_28-1024x768.jpg\"><img loading=\"lazy\" width=\"1024\" height=\"768\" src=\"http:\/\/shamballapousada.com.br\/wp-content\/uploads\/2019\/06\/POUSADA_SHAMBALLA_28-1024x768.jpg\" alt=\"Apartamento Standard - Pousada Shamballa - Chapada dos Veadeiros\" data-id=\"52\" data-link=\"http:\/\/shamballapousada.com.br\/?attachment_id=52\" class=\"wp-image-52\" srcset=\"https:\/\/shamballapousada.com.br\/wp-content\/uploads\/2019\/06\/POUSADA_SHAMBALLA_28-1024x768.jpg 1024w, https:\/\/shamballapousada.com.br\/wp-content\/uploads\/2019\/06\/POUSADA_SHAMBALLA_28-300x225.jpg 300w, https:\/\/shamballapousada.com.br\/wp-content\/uploads\/2019\/06\/POUSADA_SHAMBALLA_28-768x576.jpg 768w, https:\/\/shamballapousada.com.br\/wp-content\/uploads\/2019\/06\/POUSADA_SHAMBALLA_28-850x638.jpg 850w, https:\/\/shamballapousada.com.br\/wp-content\/uploads\/2019\/06\/POUSADA_SHAMBALLA_28.jpg 1920w\" sizes=\"(max-width: 706px) 89vw, (max-width: 767px) 82vw, 740px\" \/><\/a><\/figure><\/li><li class=\"blocks-gallery-item\"><figure><a href=\"http:\/\/shamballapousada.com.br\/wp-content\/uploads\/2019\/06\/POUSADA_SHAMBALLA_31-1024x768.jpg\"><img loading=\"lazy\" width=\"1024\" height=\"768\" src=\"http:\/\/shamballapousada.com.br\/wp-content\/uploads\/2019\/06\/POUSADA_SHAMBALLA_31-1024x768.jpg\" alt=\"Apartamento Standard - Pousada Shamballa - Chapada dos Veadeiros\" data-id=\"55\" data-link=\"http:\/\/shamballapousada.com.br\/?attachment_id=55\" class=\"wp-image-55\" srcset=\"https:\/\/shamballapousada.com.br\/wp-content\/uploads\/2019\/06\/POUSADA_SHAMBALLA_31-1024x768.jpg 1024w, https:\/\/shamballapousada.com.br\/wp-content\/uploads\/2019\/06\/POUSADA_SHAMBALLA_31-300x225.jpg 300w, https:\/\/shamballapousada.com.br\/wp-content\/uploads\/2019\/06\/POUSADA_SHAMBALLA_31-768x576.jpg 768w, https:\/\/shamballapousada.com.br\/wp-content\/uploads\/2019\/06\/POUSADA_SHAMBALLA_31-850x638.jpg 850w, https:\/\/shamballapousada.com.br\/wp-content\/uploads\/2019\/06\/POUSADA_SHAMBALLA_31.jpg 1920w\" sizes=\"(max-width: 706px) 89vw, (max-width: 767px) 82vw, 740px\" \/><\/a><\/figure><\/li><li class=\"blocks-gallery-item\"><figure><a href=\"http:\/\/shamballapousada.com.br\/wp-content\/uploads\/2019\/06\/POUSADA_SHAMBALLA_27-1024x768.jpg\"><img loading=\"lazy\" width=\"1024\" height=\"768\" src=\"http:\/\/shamballapousada.com.br\/wp-content\/uploads\/2019\/06\/POUSADA_SHAMBALLA_27-1024x768.jpg\" alt=\"Banheiro do Apartamento Standard - Pousada Shamballa - Chapada dos Veadeiros\" data-id=\"51\" data-link=\"http:\/\/shamballapousada.com.br\/?attachment_id=51\" class=\"wp-image-51\" srcset=\"https:\/\/shamballapousada.com.br\/wp-content\/uploads\/2019\/06\/POUSADA_SHAMBALLA_27-1024x768.jpg 1024w, https:\/\/shamballapousada.com.br\/wp-content\/uploads\/2019\/06\/POUSADA_SHAMBALLA_27-300x225.jpg 300w, https:\/\/shamballapousada.com.br\/wp-content\/uploads\/2019\/06\/POUSADA_SHAMBALLA_27-768x576.jpg 768w, https:\/\/shamballapousada.com.br\/wp-content\/uploads\/2019\/06\/POUSADA_SHAMBALLA_27-850x638.jpg 850w, https:\/\/shamballapousada.com.br\/wp-content\/uploads\/2019\/06\/POUSADA_SHAMBALLA_27.jpg 1920w\" sizes=\"(max-width: 706px) 89vw, (max-width: 767px) 82vw, 740px\" \/><\/a><\/figure><\/li><li class=\"blocks-gallery-item\"><figure><a href=\"http:\/\/shamballapousada.com.br\/wp-content\/uploads\/2019\/06\/POUSADA_SHAMBALLA_30-1024x768.jpg\"><img loading=\"lazy\" width=\"1024\" height=\"768\" src=\"http:\/\/shamballapousada.com.br\/wp-content\/uploads\/2019\/06\/POUSADA_SHAMBALLA_30-1024x768.jpg\" alt=\"Apartamento Standard - Pousada Shamballa - Chapada dos Veadeiros\" data-id=\"54\" data-link=\"http:\/\/shamballapousada.com.br\/?attachment_id=54\" class=\"wp-image-54\" srcset=\"https:\/\/shamballapousada.com.br\/wp-content\/uploads\/2019\/06\/POUSADA_SHAMBALLA_30-1024x768.jpg 1024w, https:\/\/shamballapousada.com.br\/wp-content\/uploads\/2019\/06\/POUSADA_SHAMBALLA_30-300x225.jpg 300w, https:\/\/shamballapousada.com.br\/wp-content\/uploads\/2019\/06\/POUSADA_SHAMBALLA_30-768x576.jpg 768w, https:\/\/shamballapousada.com.br\/wp-content\/uploads\/2019\/06\/POUSADA_SHAMBALLA_30-850x638.jpg 850w, https:\/\/shamballapousada.com.br\/wp-content\/uploads\/2019\/06\/POUSADA_SHAMBALLA_30.jpg 1920w\" sizes=\"(max-width: 706px) 89vw, (max-width: 767px) 82vw, 740px\" \/><\/a><\/figure><\/li><li class=\"blocks-gallery-item\"><figure><a href=\"http:\/\/shamballapousada.com.br\/wp-content\/uploads\/2019\/06\/POUSADA_SHAMBALLA_29-1024x768.jpg\"><img loading=\"lazy\" width=\"1024\" height=\"768\" src=\"http:\/\/shamballapousada.com.br\/wp-content\/uploads\/2019\/06\/POUSADA_SHAMBALLA_29-1024x768.jpg\" alt=\"Apartamento Standard - Pousada Shamballa - Chapada dos Veadeiros\" data-id=\"53\" data-link=\"http:\/\/shamballapousada.com.br\/?attachment_id=53\" class=\"wp-image-53\" srcset=\"https:\/\/shamballapousada.com.br\/wp-content\/uploads\/2019\/06\/POUSADA_SHAMBALLA_29-1024x768.jpg 1024w, https:\/\/shamballapousada.com.br\/wp-content\/uploads\/2019\/06\/POUSADA_SHAMBALLA_29-300x225.jpg 300w, https:\/\/shamballapousada.com.br\/wp-content\/uploads\/2019\/06\/POUSADA_SHAMBALLA_29-768x576.jpg 768w, https:\/\/shamballapousada.com.br\/wp-content\/uploads\/2019\/06\/POUSADA_SHAMBALLA_29-850x638.jpg 850w, https:\/\/shamballapousada.com.br\/wp-content\/uploads\/2019\/06\/POUSADA_SHAMBALLA_29.jpg 1920w\" sizes=\"(max-width: 706px) 89vw, (max-width: 767px) 82vw, 740px\" \/><\/a><\/figure><\/li><li class=\"blocks-gallery-item\"><figure><a href=\"http:\/\/shamballapousada.com.br\/wp-content\/uploads\/2019\/07\/26712722-1024x765.jpg\"><img loading=\"lazy\" width=\"1024\" height=\"765\" src=\"http:\/\/shamballapousada.com.br\/wp-content\/uploads\/2019\/07\/26712722-1024x765.jpg\" alt=\"Vista da Varanda do Apartamento Standard - Pousada Shamballa - Chapada dos Veadeiros\" data-id=\"144\" data-link=\"http:\/\/shamballapousada.com.br\/?attachment_id=144\" class=\"wp-image-144\" srcset=\"https:\/\/shamballapousada.com.br\/wp-content\/uploads\/2019\/07\/26712722.jpg 1024w, https:\/\/shamballapousada.com.br\/wp-content\/uploads\/2019\/07\/26712722-300x224.jpg 300w, https:\/\/shamballapousada.com.br\/wp-content\/uploads\/2019\/07\/26712722-768x574.jpg 768w\" sizes=\"(max-width: 706px) 89vw, (max-width: 767px) 82vw, 740px\" \/><\/a><\/figure><\/li><li class=\"blocks-gallery-item\"><figure><a href=\"http:\/\/shamballapousada.com.br\/wp-content\/uploads\/2019\/07\/26712719-1024x765.jpg\"><img loading=\"lazy\" width=\"1024\" height=\"765\" src=\"http:\/\/shamballapousada.com.br\/wp-content\/uploads\/2019\/07\/26712719-1024x765.jpg\" alt=\"Vista da Varanda do Apartamento Standard - Pousada Shamballa - Chapada dos Veadeiros\" data-id=\"148\" data-link=\"http:\/\/shamballapousada.com.br\/?attachment_id=148\" class=\"wp-image-148\" srcset=\"https:\/\/shamballapousada.com.br\/wp-content\/uploads\/2019\/07\/26712719.jpg 1024w, https:\/\/shamballapousada.com.br\/wp-content\/uploads\/2019\/07\/26712719-300x224.jpg 300w, https:\/\/shamballapousada.com.br\/wp-content\/uploads\/2019\/07\/26712719-768x574.jpg 768w\" sizes=\"(max-width: 706px) 89vw, (max-width: 767px) 82vw, 740px\" \/><\/a><\/figure><\/li><\/ul>\n\n\n\n<p>Aqui uma equipe de profissionais estar\u00e1 sempre empenhada em tornar sua estada em momentos agrad\u00e1veis que ensejar\u00e1 seu retorno a Chapada hoje considerada como \u201cPatrim\u00f4nio Natural da Humanidade\u201d.<\/p>\n","protected":false},"excerpt":{"rendered":"<p>A pousada oferece confort\u00e1veis su\u00edtes com varandas que descortinam uma bela vista panor\u00e2mica dos vales e serras que circundam a Chapada. Os apartamentos, standard ou master, contam com ar condicionado, frigobar, TV, varanda e banheiro privativo. Aqui uma equipe de profissionais estar\u00e1 sempre empenhada em tornar sua estada em momentos agrad\u00e1veis que ensejar\u00e1 seu retorno &hellip; <\/p>\n<p class=\"link-more\"><a href=\"https:\/\/shamballapousada.com.br\/?page_id=16\" class=\"more-link\">Continue lendo<span class=\"screen-reader-text\"> &#8220;Acomoda\u00e7\u00f5es&#8221;<\/span><\/a><\/p>\n","protected":false},"author":1,"featured_media":91,"parent":0,"menu_order":0,"comment_status":"closed","ping_status":"closed","template":"","meta":[],"_links":{"self":[{"href":"https:\/\/shamballapousada.com.br\/index.php?rest_route=\/wp\/v2\/pages\/16"}],"collection":[{"href":"https:\/\/shamballapousada.com.br\/index.php?rest_route=\/wp\/v2\/pages"}],"about":[{"href":"https:\/\/shamballapousada.com.br\/index.php?rest_route=\/wp\/v2\/types\/page"}],"author":[{"embeddable":true,"href":"https:\/\/shamballapousada.com.br\/index.php?rest_route=\/wp\/v2\/users\/1"}],"replies":[{"embeddable":true,"href":"https:\/\/shamballapousada.com.br\/index.php?rest_route=%2Fwp%2Fv2%2Fcomments&post=16"}],"version-history":[{"count":13,"href":"https:\/\/shamballapousada.com.br\/index.php?rest_route=\/wp\/v2\/pages\/16\/revisions"}],"predecessor-version":[{"id":230,"href":"https:\/\/shamballapousada.com.br\/index.php?rest_route=\/wp\/v2\/pages\/16\/revisions\/230"}],"wp:featuredmedia":[{"embeddable":true,"href":"https:\/\/shamballapousada.com.br\/index.php?rest_route=\/wp\/v2\/media\/91"}],"wp:attachment":[{"href":"https:\/\/shamballapousada.com.br\/index.php?rest_route=%2Fwp%2Fv2%2Fmedia&parent=16"}],"curies":[{"name":"wp","href":"https:\/\/api.w.org\/{rel}","templated":true}]}}